{"id":884,"date":"2020-05-12T12:06:39","date_gmt":"2020-05-12T10:06:39","guid":{"rendered":"https:\/\/residencespiaggiadoro.it\/offers\/"},"modified":"2022-03-22T10:24:05","modified_gmt":"2022-03-22T09:24:05","slug":"angebote","status":"publish","type":"page","link":"https:\/\/residencespiaggiadoro.it\/de\/angebote\/","title":{"rendered":"Angebote"},"content":{"rendered":"<section class=\"l-section wpb_row us_custom_d6413e2d height_medium with_img with_shape\"><div class=\"l-section-img\" role=\"img\" aria-label=\"Bild\" data-img-width=\"1920\" data-img-height=\"1280\" style=\"background-image: url(https:\/\/residencespiaggiadoro.it\/wp-content\/uploads\/2020\/05\/05.jpg);\"><\/div><div class=\"l-section-overlay\" style=\"background:rgba(26,26,26,0.30)\"><\/div><div class=\"l-section-shape type_triangle-2 pos_bottom hor_flip\" style=\"height:15vmin;color:#f6f5f3\"><svg xmlns=\"http:\/\/www.w3.org\/2000\/svg\" viewBox=\"0 0 64 8\" preserveAspectRatio=\"none\" width=\"100%\" height=\"100%\">\r\n\t<path fill=\"currentColor\" d=\"M64 8 L0 8 L0 0 L48 7.9 L64 0 Z\"\/>\r\n<\/svg><\/div><div class=\"l-section-h i-cf\"><div class=\"g-cols vc_row via_flex valign_top type_default stacking_default\"><div class=\"vc_col-sm-12 wpb_column vc_column_container us_animate_aft\" style=\"animation-delay:0.5s\"><div class=\"vc_column-inner\"><div class=\"wpb_wrapper\"><div class=\"w-separator size_medium\"><\/div><\/div><\/div><\/div><\/div><\/div><\/section><section class=\"l-section wpb_row height_large\"><div class=\"l-section-h i-cf\"><div class=\"g-cols vc_row via_flex valign_top type_default stacking_default\"><div class=\"vc_col-sm-2 wpb_column vc_column_container\"><div class=\"vc_column-inner\"><div class=\"wpb_wrapper\"><\/div><\/div><\/div><div class=\"vc_col-sm-8 wpb_column vc_column_container us_animate_aft\" style=\"animation-delay:0.5s\"><div class=\"vc_column-inner\"><div class=\"wpb_wrapper\"><div class=\"wpb_text_column\"><div class=\"wpb_wrapper\"><h1 style=\"text-align: center;\">ANGEBOTE<\/h1>\n<\/div><\/div><div class=\"w-separator us_custom_2f842fc0 size_custom with_line width_50 thick_5 style_dashed color_primary align_center\" style=\"height:10px\"><div class=\"w-separator-h\"><\/div><\/div><\/div><\/div><\/div><div class=\"vc_col-sm-2 wpb_column vc_column_container\"><div class=\"vc_column-inner\"><div class=\"wpb_wrapper\"><\/div><\/div><\/div><\/div><\/div><\/section><!-- Row Backgrounds --><div class=\"upb_color\" data-bg-override=\"0\" data-bg-color=\"#f6f5f3\" data-fadeout=\"\" data-fadeout-percentage=\"30\" data-parallax-content=\"\" data-parallax-content-sense=\"30\" data-row-effect-mobile-disable=\"true\" data-img-parallax-mobile-disable=\"true\" data-rtl=\"false\"  data-custom-vc-row=\"\"  data-vc=\"8.7.2\"  data-is_old_vc=\"\"  data-theme-support=\"\"   data-overlay=\"false\" data-overlay-color=\"\" data-overlay-pattern=\"\" data-overlay-pattern-opacity=\"\" data-overlay-pattern-size=\"\"    ><\/div><section class=\"l-section wpb_row height_medium\"><div class=\"l-section-h i-cf\"><div class=\"g-cols vc_row via_flex valign_top type_default stacking_default\"><div class=\"vc_col-sm-12 wpb_column vc_column_container\"><div class=\"vc_column-inner\"><div class=\"wpb_wrapper\"><div class=\"w-grid us_grid type_grid layout_881 cols_3 overflow_hidden preload_style_spinner\" id=\"us_grid_1\" style=\"--columns:3;--gap:1.5rem;\" data-filterable=\"true\"><style>@media (max-width:1026px){#us_grid_1{--columns:2!important}}@media (max-width:600px){#us_grid_1{--columns:1!important}}.layout_881 .w-grid-item-h{background:#fff;color:#333;border-radius:0.3rem;box-shadow:0 0.06rem 0.12rem rgba(0,0,0,0.1),0 0.2rem 0.6rem rgba(0,0,0,0.1);transition-duration:0.3s}.no-touch .layout_881 .w-grid-item-h:hover{box-shadow:0 0.1rem 0.2rem rgba(0,0,0,0.1),0 0.33rem 1rem rgba(0,0,0,0.15);z-index:4}.layout_881 .usg_post_title_1{font-size:1.4rem!important;font-weight:700!important}.layout_881 .usg_vwrapper_1{margin-top:30px!important;position:static!important;padding:9% 11% 11% 11%!important}.layout_881 .usg_post_taxonomy_1{font-weight:700!important;text-transform:uppercase!important;font-size:12px!important;left:1.2rem!important;top:1.2rem!important;right:1.2rem!important}.layout_881 .usg_btn_1{width:100%!important;position:static!important}.layout_881 .usg_post_custom_field_1{color:#d97d04!important;width:100%!important;min-width:100%!important;padding-top:10px!important;padding-bottom:10px!important;border-top-width:1px!important;border-bottom-width:1px!important;border-color:#999999!important;border-top-style:dashed!important;border-bottom-style:dashed!important}@media (max-width:600px){.layout_881 .usg_post_title_1{font-size:1.2rem!important}}<\/style><div class=\"w-grid-list\">\t<article class=\"w-grid-item size_1x1 post-1331 post type-post status-publish format-standard hentry category-angebote\" data-id=\"1331\">\r\n\t\t<div class=\"w-grid-item-h\">\r\n\t\t\t\t\t\t\t<a href=\"https:\/\/residencespiaggiadoro.it\/de\/south-garda-karting\/\" class=\"w-grid-item-anchor\" aria-label=\"South Garda Karting\"><\/a>\r\n\t\t\t\t\t\t<div class=\"w-post-elm post_taxonomy usg_post_taxonomy_1 style_badge color_link_inherit\"><span class=\"w-btn us-btn-style_badge term-16 term-angebote\">Angebote<\/span><\/div><div class=\"w-vwrapper usg_vwrapper_1 align_left valign_top\"><h2 class=\"w-post-elm post_title usg_post_title_1 entry-title color_link_inherit\">South Garda Karting<\/h2><div class=\"w-post-elm post_custom_field usg_post_custom_field_1 has_text_color type_text validita color_link_inherit\"><span class=\"w-post-elm-value\">Valida tutto l'anno<\/span><\/div><div class=\"w-post-elm post_content usg_post_content_1\"><p>Sonderangebot f\u00fcr Teilnehmer der South Garda Karting-Rennen: 7% Sofortrabatt.<br \/>\n&nbsp;<br \/>\n&nbsp;<\/p>\n<\/div><\/div><button class=\"w-btn us-btn-style_1 usg_btn_1\" tabindex=\"-1\" type=\"button\"><span class=\"w-btn-label\">Gehe zum Angebot<\/span><\/button>\t\t<\/div>\r\n\t\t\t<\/article>\r\n\t<article class=\"w-grid-item size_1x1 post-809 post type-post status-publish format-standard hentry category-angebote\" data-id=\"809\">\r\n\t\t<div class=\"w-grid-item-h\">\r\n\t\t\t\t\t\t\t<a href=\"https:\/\/residencespiaggiadoro.it\/de\/angebot-7-naechte\/\" class=\"w-grid-item-anchor\" aria-label=\"Angebot 5 N\u00e4chte\"><\/a>\r\n\t\t\t\t\t\t<div class=\"w-post-elm post_taxonomy usg_post_taxonomy_1 style_badge color_link_inherit\"><span class=\"w-btn us-btn-style_badge term-16 term-angebote\">Angebote<\/span><\/div><div class=\"w-vwrapper usg_vwrapper_1 align_left valign_top\"><h2 class=\"w-post-elm post_title usg_post_title_1 entry-title color_link_inherit\">Angebot 5 N\u00e4chte<\/h2><div class=\"w-post-elm post_custom_field usg_post_custom_field_1 has_text_color type_text validita color_link_inherit\"><span class=\"w-post-elm-value\">10 % Rabatt (auf den offiziellen Tarif)<\/span><\/div><div class=\"w-post-elm post_content usg_post_content_1\"><p>Zus\u00e4tzlicher 10 % Preisnachlass auf den bereits erm\u00e4\u00dfigten offiziellen Tarif bei einem Mindestaufenthalt von 5 N\u00e4chten.<br \/>\n\u00a0<\/p>\n<\/div><\/div><button class=\"w-btn us-btn-style_1 usg_btn_1\" tabindex=\"-1\" type=\"button\"><span class=\"w-btn-label\">Gehe zum Angebot<\/span><\/button>\t\t<\/div>\r\n\t\t\t<\/article>\r\n\t<article class=\"w-grid-item size_1x1 post-806 post type-post status-publish format-standard hentry category-angebote\" data-id=\"806\">\r\n\t\t<div class=\"w-grid-item-h\">\r\n\t\t\t\t\t\t\t<a href=\"https:\/\/residencespiaggiadoro.it\/de\/offizieller-tarif\/\" class=\"w-grid-item-anchor\" aria-label=\"Offizieller Tarif\"><\/a>\r\n\t\t\t\t\t\t<div class=\"w-post-elm post_taxonomy usg_post_taxonomy_1 style_badge color_link_inherit\"><span class=\"w-btn us-btn-style_badge term-16 term-angebote\">Angebote<\/span><\/div><div class=\"w-vwrapper usg_vwrapper_1 align_left valign_top\"><h2 class=\"w-post-elm post_title usg_post_title_1 entry-title color_link_inherit\">Offizieller Tarif<\/h2><div class=\"w-post-elm post_custom_field usg_post_custom_field_1 has_text_color type_text validita color_link_inherit\"><span class=\"w-post-elm-value\">10 % Rabatt<\/span><\/div><div class=\"w-post-elm post_content usg_post_content_1\"><p><strong>Hier sparen Sie 10 %<\/strong> im Vergleich zu anderen Buchungsdiensten (Booking.com, Expedia usw.). Garage und Strand inbegriffen.<\/p>\n<\/div><\/div><button class=\"w-btn us-btn-style_1 usg_btn_1\" tabindex=\"-1\" type=\"button\"><span class=\"w-btn-label\">Gehe zum Angebot<\/span><\/button>\t\t<\/div>\r\n\t\t\t<\/article>\r\n<\/div>\t<div class=\"w-grid-preloader\">\r\n\t\t<div class=\"g-preloader type_custom\">\r\n\t\t\t<div><img loading=\"lazy\" decoding=\"async\" width=\"87\" height=\"63\" src=\"https:\/\/residencespiaggiadoro.it\/wp-content\/uploads\/2020\/05\/icona.svg\" class=\"attachment-medium size-medium\" alt=\"\" \/><\/div>\r\n\t\t<\/div>\r\n\t<\/div>\r\n\t\t<div class=\"w-grid-json hidden\" onclick='return {&quot;action&quot;:&quot;us_ajax_grid&quot;,&quot;infinite_scroll&quot;:0,&quot;max_num_pages&quot;:1,&quot;pagination&quot;:&quot;none&quot;,&quot;template_vars&quot;:{&quot;columns&quot;:&quot;3&quot;,&quot;exclude_items&quot;:&quot;none&quot;,&quot;img_size&quot;:&quot;default&quot;,&quot;ignore_items_size&quot;:0,&quot;items_layout&quot;:&quot;881&quot;,&quot;items_offset&quot;:&quot;1&quot;,&quot;load_animation&quot;:&quot;none&quot;,&quot;overriding_link&quot;:&quot;%7B%22type%22%3A%22post%22%7D&quot;,&quot;post_id&quot;:0,&quot;query_args&quot;:{&quot;post_type&quot;:[&quot;post&quot;],&quot;tax_query&quot;:[{&quot;taxonomy&quot;:&quot;category&quot;,&quot;field&quot;:&quot;slug&quot;,&quot;terms&quot;:[&quot;angebote&quot;]}],&quot;post_status&quot;:[&quot;publish&quot;,&quot;acf-disabled&quot;,&quot;mapped&quot;,&quot;needs_update&quot;],&quot;posts_per_page&quot;:&quot;10&quot;},&quot;orderby_query_args&quot;:{&quot;orderby&quot;:{&quot;date&quot;:&quot;DESC&quot;}},&quot;type&quot;:&quot;grid&quot;,&quot;us_grid_post_type&quot;:&quot;post&quot;,&quot;us_grid_ajax_index&quot;:1,&quot;us_grid_filter_query_string&quot;:null,&quot;us_grid_index&quot;:1,&quot;page_args&quot;:[],&quot;lang&quot;:&quot;de&quot;}}'><\/div>\r\n\t<\/div><\/div><\/div><\/div><\/div><\/div><\/section>\n","protected":false},"excerpt":{"rendered":"StartSeitenANGEBOTE Offizieller Tarif10 % RabattVorteile des Angebots Bester Online-Preis mit kostenloser Stornierung Kostenlose Stornierung Erm\u00e4\u00dfigter Tarif mit 10 % Rabatt im Vergleich zu allen anderen Buchungsplattformen (Booking.com, Expedia usw.). Ein \u201eFull-Free\u201c-Tarif, der es Ihnen erm\u00f6glicht, jederzeit kostenlos zu stornieren (auch am Tag vor der Anreise). In der Hochsaison (ab Ende Juli und im gesamten August)...","protected":false},"author":1,"featured_media":0,"parent":0,"menu_order":0,"comment_status":"closed","ping_status":"closed","template":"","meta":{"_acf_changed":false,"inline_featured_image":false,"_joinchat":[],"footnotes":""},"class_list":["post-884","page","type-page","status-publish","hentry"],"acf":[],"yoast_head":"<!-- This site is optimized with the Yoast SEO plugin v27.5 - https:\/\/yoast.com\/product\/yoast-seo-wordpress\/ -->\n<title>Angebote - Residence Spiaggia d&#039;Oro<\/title>\n<meta name=\"robots\" content=\"index, follow, max-snippet:-1, max-image-preview:large, max-video-preview:-1\" \/>\n<link rel=\"canonical\" href=\"https:\/\/residencespiaggiadoro.it\/de\/angebote\/\" \/>\n<meta property=\"og:locale\" content=\"de_DE\" \/>\n<meta property=\"og:type\" content=\"article\" \/>\n<meta property=\"og:title\" content=\"Angebote - Residence Spiaggia d&#039;Oro\" \/>\n<meta property=\"og:url\" content=\"https:\/\/residencespiaggiadoro.it\/de\/angebote\/\" \/>\n<meta property=\"og:site_name\" content=\"Residence Spiaggia d&#039;Oro\" \/>\n<meta property=\"article:modified_time\" content=\"2022-03-22T09:24:05+00:00\" \/>\n<meta name=\"twitter:card\" content=\"summary_large_image\" \/>\n<meta name=\"twitter:label1\" content=\"Gesch\u00e4tzte Lesezeit\" \/>\n\t<meta name=\"twitter:data1\" content=\"1\u00a0Minute\" \/>\n<script type=\"application\/ld+json\" class=\"yoast-schema-graph\">{\"@context\":\"https:\\\/\\\/schema.org\",\"@graph\":[{\"@type\":\"WebPage\",\"@id\":\"https:\\\/\\\/residencespiaggiadoro.it\\\/de\\\/angebote\\\/\",\"url\":\"https:\\\/\\\/residencespiaggiadoro.it\\\/de\\\/angebote\\\/\",\"name\":\"Angebote - Residence Spiaggia d&#039;Oro\",\"isPartOf\":{\"@id\":\"https:\\\/\\\/residencespiaggiadoro.it\\\/#website\"},\"datePublished\":\"2020-05-12T10:06:39+00:00\",\"dateModified\":\"2022-03-22T09:24:05+00:00\",\"breadcrumb\":{\"@id\":\"https:\\\/\\\/residencespiaggiadoro.it\\\/de\\\/angebote\\\/#breadcrumb\"},\"inLanguage\":\"de\",\"potentialAction\":[{\"@type\":\"ReadAction\",\"target\":[\"https:\\\/\\\/residencespiaggiadoro.it\\\/de\\\/angebote\\\/\"]}]},{\"@type\":\"BreadcrumbList\",\"@id\":\"https:\\\/\\\/residencespiaggiadoro.it\\\/de\\\/angebote\\\/#breadcrumb\",\"itemListElement\":[{\"@type\":\"ListItem\",\"position\":1,\"name\":\"Home\",\"item\":\"https:\\\/\\\/residencespiaggiadoro.it\\\/de\\\/\"},{\"@type\":\"ListItem\",\"position\":2,\"name\":\"Angebote\"}]},{\"@type\":\"WebSite\",\"@id\":\"https:\\\/\\\/residencespiaggiadoro.it\\\/#website\",\"url\":\"https:\\\/\\\/residencespiaggiadoro.it\\\/\",\"name\":\"Residence Spiaggia d&#039;Oro\",\"description\":\"Residence Spiaggia d&#039;Oro\",\"potentialAction\":[{\"@type\":\"SearchAction\",\"target\":{\"@type\":\"EntryPoint\",\"urlTemplate\":\"https:\\\/\\\/residencespiaggiadoro.it\\\/?s={search_term_string}\"},\"query-input\":{\"@type\":\"PropertyValueSpecification\",\"valueRequired\":true,\"valueName\":\"search_term_string\"}}],\"inLanguage\":\"de\"}]}<\/script>\n<!-- \/ Yoast SEO plugin. -->","yoast_head_json":{"title":"Angebote - Residence Spiaggia d&#039;Oro","robots":{"index":"index","follow":"follow","max-snippet":"max-snippet:-1","max-image-preview":"max-image-preview:large","max-video-preview":"max-video-preview:-1"},"canonical":"https:\/\/residencespiaggiadoro.it\/de\/angebote\/","og_locale":"de_DE","og_type":"article","og_title":"Angebote - Residence Spiaggia d&#039;Oro","og_url":"https:\/\/residencespiaggiadoro.it\/de\/angebote\/","og_site_name":"Residence Spiaggia d&#039;Oro","article_modified_time":"2022-03-22T09:24:05+00:00","twitter_card":"summary_large_image","twitter_misc":{"Gesch\u00e4tzte Lesezeit":"1\u00a0Minute"},"schema":{"@context":"https:\/\/schema.org","@graph":[{"@type":"WebPage","@id":"https:\/\/residencespiaggiadoro.it\/de\/angebote\/","url":"https:\/\/residencespiaggiadoro.it\/de\/angebote\/","name":"Angebote - Residence Spiaggia d&#039;Oro","isPartOf":{"@id":"https:\/\/residencespiaggiadoro.it\/#website"},"datePublished":"2020-05-12T10:06:39+00:00","dateModified":"2022-03-22T09:24:05+00:00","breadcrumb":{"@id":"https:\/\/residencespiaggiadoro.it\/de\/angebote\/#breadcrumb"},"inLanguage":"de","potentialAction":[{"@type":"ReadAction","target":["https:\/\/residencespiaggiadoro.it\/de\/angebote\/"]}]},{"@type":"BreadcrumbList","@id":"https:\/\/residencespiaggiadoro.it\/de\/angebote\/#breadcrumb","itemListElement":[{"@type":"ListItem","position":1,"name":"Home","item":"https:\/\/residencespiaggiadoro.it\/de\/"},{"@type":"ListItem","position":2,"name":"Angebote"}]},{"@type":"WebSite","@id":"https:\/\/residencespiaggiadoro.it\/#website","url":"https:\/\/residencespiaggiadoro.it\/","name":"Residence Spiaggia d&#039;Oro","description":"Residence Spiaggia d&#039;Oro","potentialAction":[{"@type":"SearchAction","target":{"@type":"EntryPoint","urlTemplate":"https:\/\/residencespiaggiadoro.it\/?s={search_term_string}"},"query-input":{"@type":"PropertyValueSpecification","valueRequired":true,"valueName":"search_term_string"}}],"inLanguage":"de"}]}},"_links":{"self":[{"href":"https:\/\/residencespiaggiadoro.it\/de\/wp-json\/wp\/v2\/pages\/884","targetHints":{"allow":["GET"]}}],"collection":[{"href":"https:\/\/residencespiaggiadoro.it\/de\/wp-json\/wp\/v2\/pages"}],"about":[{"href":"https:\/\/residencespiaggiadoro.it\/de\/wp-json\/wp\/v2\/types\/page"}],"author":[{"embeddable":true,"href":"https:\/\/residencespiaggiadoro.it\/de\/wp-json\/wp\/v2\/users\/1"}],"replies":[{"embeddable":true,"href":"https:\/\/residencespiaggiadoro.it\/de\/wp-json\/wp\/v2\/comments?post=884"}],"version-history":[{"count":2,"href":"https:\/\/residencespiaggiadoro.it\/de\/wp-json\/wp\/v2\/pages\/884\/revisions"}],"predecessor-version":[{"id":1171,"href":"https:\/\/residencespiaggiadoro.it\/de\/wp-json\/wp\/v2\/pages\/884\/revisions\/1171"}],"wp:attachment":[{"href":"https:\/\/residencespiaggiadoro.it\/de\/wp-json\/wp\/v2\/media?parent=884"}],"curies":[{"name":"wp","href":"https:\/\/api.w.org\/{rel}","templated":true}]}}