{"id":870,"date":"2020-05-07T11:06:52","date_gmt":"2020-05-07T09:06:52","guid":{"rendered":"https:\/\/residencespiaggiadoro.it\/appartamenti\/"},"modified":"2025-10-22T15:04:28","modified_gmt":"2025-10-22T13:04:28","slug":"wohnungen","status":"publish","type":"page","link":"https:\/\/residencespiaggiadoro.it\/de\/wohnungen\/","title":{"rendered":"Wohnungen"},"content":{"rendered":"<section class=\"l-section wpb_row height_huge color_primary with_img\"><div class=\"l-section-img\" role=\"img\" aria-label=\"Bild\" data-img-width=\"1920\" data-img-height=\"1280\" style=\"background-image: url(https:\/\/residencespiaggiadoro.it\/wp-content\/uploads\/2020\/05\/16-br.jpg);\"><\/div><div class=\"l-section-overlay\" style=\"background:rgba(0,0,0,0.30)\"><\/div><div class=\"l-section-h i-cf\"><div class=\"g-cols vc_row via_flex valign_top type_default stacking_default\"><div class=\"vc_col-sm-12 wpb_column vc_column_container us_animate_afc\" style=\"animation-delay:0.5s\"><div class=\"vc_column-inner\"><div class=\"wpb_wrapper\"><div class=\"w-separator size_medium\"><\/div><div class=\"wpb_text_column\"><div class=\"wpb_wrapper\"><h1 style=\"text-align: center;\">WOHNUNGEN<\/h1>\n<p>&nbsp;<\/p>\n<\/div><\/div><div class=\"wpb_text_column\"><div class=\"wpb_wrapper\"><h2 style=\"text-align: center;\">Buchen Sie hier zum besten garantierten Preis im Vergleich zu anderen Buchungssystemen.<\/h2>\n<p>&nbsp;<\/p>\n<\/div><\/div><div class=\"w-separator size_medium\"><\/div><\/div><\/div><\/div><\/div><\/div><\/section><section class=\"l-section wpb_row height_medium\"><div class=\"l-section-h i-cf\"><div class=\"g-cols vc_row via_flex valign_middle type_default stacking_default\"><div class=\"vc_col-sm-8 wpb_column vc_column_container stretched\"><div class=\"vc_column-inner\"><div class=\"wpb_wrapper\"><div class=\"w-slider style_none fit_contain nav_none count_5\"><div class=\"w-slider-h\" aria-hidden=\"true\"><div class=\"royalSlider\"><div class=\"rsContent\"><a class=\"rsImg\" data-rsw=\"1920\" data-rsh=\"1080\" href=\"https:\/\/residencespiaggiadoro.it\/wp-content\/uploads\/2020\/05\/11-br-1920x1080.jpg\"><span data-alt=\"\"><\/span><\/a><\/div><div class=\"rsContent\"><a class=\"rsImg\" data-rsw=\"1920\" data-rsh=\"1080\" href=\"https:\/\/residencespiaggiadoro.it\/wp-content\/uploads\/2020\/05\/12-br-1920x1080.jpg\"><span data-alt=\"\"><\/span><\/a><\/div><div class=\"rsContent\"><a class=\"rsImg\" data-rsw=\"1920\" data-rsh=\"1080\" href=\"https:\/\/residencespiaggiadoro.it\/wp-content\/uploads\/2020\/05\/13-br-1920x1080.jpg\"><span data-alt=\"\"><\/span><\/a><\/div><div class=\"rsContent\"><a class=\"rsImg\" data-rsw=\"1920\" data-rsh=\"1080\" href=\"https:\/\/residencespiaggiadoro.it\/wp-content\/uploads\/2020\/05\/14-br-1920x1080.jpg\"><span data-alt=\"\"><\/span><\/a><\/div><div class=\"rsContent\"><a class=\"rsImg\" data-rsw=\"1920\" data-rsh=\"1080\" href=\"https:\/\/residencespiaggiadoro.it\/wp-content\/uploads\/2020\/05\/05-br-1920x1080.jpg\"><span data-alt=\"\"><\/span><\/a><\/div><\/div><img decoding=\"async\" src=\"https:\/\/residencespiaggiadoro.it\/wp-content\/uploads\/2020\/05\/11-br-1920x1080.jpg\" width=\"1920\" height=\"1080\" alt loading=\"lazy\"><\/div><div class=\"w-slider-json\" onclick='return {&quot;autoScaleSlider&quot;:true,&quot;addActiveClass&quot;:true,&quot;loop&quot;:true,&quot;fadeInLoadedSlide&quot;:false,&quot;slidesSpacing&quot;:0,&quot;imageScalePadding&quot;:0,&quot;numImagesToPreload&quot;:2,&quot;arrowsNav&quot;:true,&quot;arrowsNavAutoHide&quot;:false,&quot;transitionType&quot;:&quot;fade&quot;,&quot;transitionSpeed&quot;:250,&quot;block&quot;:{&quot;moveEffect&quot;:&quot;none&quot;,&quot;speed&quot;:300},&quot;thumbs&quot;:{&quot;fitInViewport&quot;:false,&quot;firstMargin&quot;:false,&quot;spacing&quot;:4},&quot;controlNavigation&quot;:&quot;none&quot;,&quot;autoScaleSliderWidth&quot;:1920,&quot;autoScaleSliderHeight&quot;:1080}'><\/div><\/div><\/div><\/div><\/div><div class=\"vc_col-sm-4 wpb_column vc_column_container stretched\"><div class=\"vc_column-inner\"><div class=\"wpb_wrapper\"><div class=\"wpb_text_column\"><div class=\"wpb_wrapper\"><h2>WOHNUNG 2-4 PERSONEN<\/h2>\n<p>&nbsp;<\/p>\n<\/div><\/div><div class=\"w-separator us_custom_2f842fc0 size_custom with_line width_30 thick_5 style_dashed color_primary align_left\" style=\"height:10px\"><div class=\"w-separator-h\"><\/div><\/div><div class=\"wpb_text_column\"><div class=\"wpb_wrapper\"><h5>45 qm Wohnung mit Balkon mit Blick zum See Front \/ Seite oder Garten.<\/h5>\n<p>gro\u00dfer Wohnbereich mit K\u00fcche, 1 Bad und 1 Schlafzimmer mit Ehebett und Schlafcouch im Wohnzimmer.<br \/>Komplett mit K\u00fcchenutensilien und Geschirr.<\/p>\n<p>Enthaltene Leistungen:<br \/>1 Garage, Wi-Fi, Endreinigung, Reinigung Mitte der Woche mit Wechsel der Bettw\u00e4sche und Toilettenartikel, 2  LED Fernseher 21\u201c (Schlafzimmer und Wohnzimmer), Klimaanlage, K\u00fchlschrank, Waschmaschine , Safe, Mikrowelle, K\u00fchlschrank, Kochutensilien. Badezimmer: Bad mit Dusche, F\u00f6hn, Handt\u00fccher.<\/p>\n<p><strong>* Auch mit Behindertenservice erh\u00e4ltlich.<\/strong><\/p>\n<\/div><\/div><div class=\"w-btn-wrapper align_none\"><a class=\"w-btn us-btn-style_2 icon_atleft\" title=\"Anfrage\" href=\"\/?page_id=70\"><i class=\"far fa-envelope\"><\/i><span class=\"w-btn-label\">Anfrage<\/span><\/a><\/div><div class=\"w-btn-wrapper align_none\"><a class=\"w-btn us-btn-style_1 icon_atleft\" target=\"_blank\" rel=\"nofollow\" href=\"https:\/\/booking.slope.it\/24d28bc6-27b2-4ae5-8206-06e8f3f507c2\"><i class=\"far fa-calendar-alt\"><\/i><span class=\"w-btn-label\">Verf\u00fcgbarkeit und Preise<\/span><\/a><\/div><\/div><\/div><\/div><\/div><\/div><\/section><section class=\"l-section wpb_row height_medium\"><div class=\"l-section-h i-cf\"><div class=\"g-cols vc_row via_flex valign_middle type_default stacking_default\"><div class=\"vc_col-sm-8 wpb_column vc_column_container us_animate_afb stretched\"><div class=\"vc_column-inner\"><div class=\"wpb_wrapper\"><div class=\"w-slider style_none fit_contain nav_none count_6\"><div class=\"w-slider-h\" aria-hidden=\"true\"><div class=\"royalSlider\"><div class=\"rsContent\"><a class=\"rsImg\" data-rsw=\"1920\" data-rsh=\"1080\" href=\"https:\/\/residencespiaggiadoro.it\/wp-content\/uploads\/2020\/05\/03-br-1920x1080.jpg\"><span data-alt=\"\"><\/span><\/a><\/div><div class=\"rsContent\"><a class=\"rsImg\" data-rsw=\"1920\" data-rsh=\"1080\" href=\"https:\/\/residencespiaggiadoro.it\/wp-content\/uploads\/2020\/05\/02-br-1920x1080.jpg\"><span data-alt=\"\"><\/span><\/a><\/div><div class=\"rsContent\"><a class=\"rsImg\" data-rsw=\"1920\" data-rsh=\"1080\" href=\"https:\/\/residencespiaggiadoro.it\/wp-content\/uploads\/2020\/05\/08-br-1920x1080.jpg\"><span data-alt=\"\"><\/span><\/a><\/div><div class=\"rsContent\"><a class=\"rsImg\" data-rsw=\"1920\" data-rsh=\"1080\" href=\"https:\/\/residencespiaggiadoro.it\/wp-content\/uploads\/2020\/05\/09-br-1920x1080.jpg\"><span data-alt=\"\"><\/span><\/a><\/div><div class=\"rsContent\"><a class=\"rsImg\" data-rsw=\"1920\" data-rsh=\"1080\" href=\"https:\/\/residencespiaggiadoro.it\/wp-content\/uploads\/2020\/05\/04-br-1920x1080.jpg\"><span data-alt=\"\"><\/span><\/a><\/div><div class=\"rsContent\"><a class=\"rsImg\" data-rsw=\"1920\" data-rsh=\"1080\" href=\"https:\/\/residencespiaggiadoro.it\/wp-content\/uploads\/2020\/05\/05-br-1920x1080.jpg\"><span data-alt=\"\"><\/span><\/a><\/div><\/div><img decoding=\"async\" src=\"https:\/\/residencespiaggiadoro.it\/wp-content\/uploads\/2020\/05\/03-br-1920x1080.jpg\" width=\"1920\" height=\"1080\" alt loading=\"lazy\"><\/div><div class=\"w-slider-json\" onclick='return {&quot;autoScaleSlider&quot;:true,&quot;addActiveClass&quot;:true,&quot;loop&quot;:true,&quot;fadeInLoadedSlide&quot;:false,&quot;slidesSpacing&quot;:0,&quot;imageScalePadding&quot;:0,&quot;numImagesToPreload&quot;:2,&quot;arrowsNav&quot;:true,&quot;arrowsNavAutoHide&quot;:false,&quot;transitionType&quot;:&quot;fade&quot;,&quot;transitionSpeed&quot;:250,&quot;block&quot;:{&quot;moveEffect&quot;:&quot;none&quot;,&quot;speed&quot;:300},&quot;thumbs&quot;:{&quot;fitInViewport&quot;:false,&quot;firstMargin&quot;:false,&quot;spacing&quot;:4},&quot;controlNavigation&quot;:&quot;none&quot;,&quot;autoScaleSliderWidth&quot;:1920,&quot;autoScaleSliderHeight&quot;:1080}'><\/div><\/div><\/div><\/div><\/div><div class=\"vc_col-sm-4 wpb_column vc_column_container us_animate_afb stretched\"><div class=\"vc_column-inner\"><div class=\"wpb_wrapper\"><div class=\"wpb_text_column\"><div class=\"wpb_wrapper\"><h2>WOHNUNG 4-6 PERSONEN<\/h2>\n<p>&nbsp;<\/p>\n<\/div><\/div><div class=\"w-separator us_custom_2f842fc0 size_custom with_line width_30 thick_5 style_dashed color_primary align_left\" style=\"height:10px\"><div class=\"w-separator-h\"><\/div><\/div><div class=\"wpb_text_column\"><div class=\"wpb_wrapper\"><h5>50 qm Wohnung mit Balkon mit Blick zum See Front \/ Seite oder Garten.<\/h5>\n<p>gro\u00dfer Wohnbereich mit K\u00fcche,<br \/>1 Bad und 1 Schlafzimmer mit Ehebett + Stockbett und Schlafcouch im Wohnzimmer. Komplett mit K\u00fcchenutensilien und Geschirr.<\/p>\n<p>Enthaltene Leistungen:<br \/>1 Garage, Wi-Fi, Endreinigung, Reinigung Mitte der Woche Wechsel der Bettw\u00e4sche und Toilettenartikel, , 2  LED Fernseher 21\u201c (Schlafzimmer und Wohnzimmer), Klimaanlage, K\u00fchlschrank, Waschmaschine , Safe, Mikrowelle, K\u00fchlschrank, Kochutensilien. Badezimmer: Bad mit Dusche, F\u00f6hn, Handt\u00fccher.<\/p>\n<\/div><\/div><div class=\"w-btn-wrapper align_none\"><a class=\"w-btn us-btn-style_2 icon_atleft\" title=\"Anfrage\" href=\"\/?page_id=70\"><i class=\"far fa-envelope\"><\/i><span class=\"w-btn-label\">Anfrage<\/span><\/a><\/div><div class=\"w-btn-wrapper align_none\"><a class=\"w-btn us-btn-style_1 icon_atleft\" target=\"_blank\" rel=\"nofollow\" href=\"https:\/\/booking.slope.it\/24d28bc6-27b2-4ae5-8206-06e8f3f507c2\"><i class=\"far fa-calendar-alt\"><\/i><span class=\"w-btn-label\">Verf\u00fcgbarkeit und Preise<\/span><\/a><\/div><\/div><\/div><\/div><\/div><\/div><\/section><!-- Row Backgrounds --><div class=\"upb_color\" data-bg-override=\"0\" data-bg-color=\"#f6f5f3\" data-fadeout=\"\" data-fadeout-percentage=\"30\" data-parallax-content=\"\" data-parallax-content-sense=\"30\" data-row-effect-mobile-disable=\"true\" data-img-parallax-mobile-disable=\"true\" data-rtl=\"false\"  data-custom-vc-row=\"\"  data-vc=\"8.7.2\"  data-is_old_vc=\"\"  data-theme-support=\"\"   data-overlay=\"false\" data-overlay-color=\"\" data-overlay-pattern=\"\" data-overlay-pattern-opacity=\"\" data-overlay-pattern-size=\"\"    ><\/div><section class=\"l-section wpb_row height_small\"><div class=\"l-section-h i-cf\"><div class=\"g-cols vc_row via_flex valign_top type_default stacking_default\"><div class=\"vc_col-sm-12 wpb_column vc_column_container us_animate_afb\"><div class=\"vc_column-inner\"><div class=\"wpb_wrapper\"><div class=\"w-image i100 align_center\"><div class=\"w-image-h\"><img decoding=\"async\" width=\"87\" height=\"63\" src=\"https:\/\/residencespiaggiadoro.it\/wp-content\/uploads\/2020\/05\/icona.svg\" class=\"attachment-large size-large\" alt=\"\" loading=\"lazy\" \/><\/div><\/div><div class=\"wpb_text_column\"><div class=\"wpb_wrapper\"><h3 style=\"text-align: center;\">ALL-INCLUSIVE LEISTUNGEN UND WOHNUNGEN<\/h3>\n<p>&nbsp;<\/p>\n<\/div><\/div><\/div><\/div><\/div><\/div><\/div><\/section><section class=\"l-section wpb_row height_medium\"><div class=\"l-section-h i-cf\"><div class=\"g-cols vc_row via_flex valign_top type_default stacking_default\"><div class=\"vc_col-sm-6 wpb_column vc_column_container\"><div class=\"vc_column-inner\"><div class=\"wpb_wrapper\"><div class=\"wpb_text_column\"><div class=\"wpb_wrapper\"><ul>\n<li>Garage mit 1 Parkplatz<\/li>\n<li>Wi-Fi Internet<\/li>\n<li>Endreinigung<\/li>\n<li>Zwischenreinigung mit Wechsel von Bettw\u00e4sche und Handt\u00fcchern<\/li>\n<li>Strom, Wasser und Gas<\/li>\n<li>Fahrradverleih<\/li>\n<li>2 LED 21-Zoll-TVs (Schlafzimmer und Wohnzimmer)<\/li>\n<\/ul>\n<p>&nbsp;<\/p>\n<\/div><\/div><\/div><\/div><\/div><div class=\"vc_col-sm-6 wpb_column vc_column_container\"><div class=\"vc_column-inner\"><div class=\"wpb_wrapper\"><div class=\"wpb_text_column\"><div class=\"wpb_wrapper\"><ul>\n<li>Starter-Set mit Handt\u00fcchern f\u00fcr den Aufenthalt<\/li>\n<li>Schwimmbad mit Sonnenliegen<\/li>\n<li>Aufzug<\/li>\n<li>Concierge-Service<\/li>\n<li>Fax- und Kopierservice<\/li>\n<li>Garten<\/li>\n<li>24-Stunden-Rezeption<\/li>\n<\/ul>\n<\/div><\/div><\/div><\/div><\/div><\/div><\/div><\/section>\n","protected":false},"excerpt":{"rendered":"WOHNUNGEN &nbsp; Buchen Sie hier zum besten garantierten Preis im Vergleich zu anderen Buchungssystemen. &nbsp; WOHNUNG 2-4 PERSONEN &nbsp; 45 qm Wohnung mit Balkon mit Blick zum See Front \/ Seite oder Garten. gro\u00dfer Wohnbereich mit K\u00fcche, 1 Bad und 1 Schlafzimmer mit Ehebett und Schlafcouch im Wohnzimmer.Komplett mit K\u00fcchenutensilien und Geschirr. Enthaltene Leistungen:1 Garage,...","protected":false},"author":1,"featured_media":0,"parent":0,"menu_order":0,"comment_status":"closed","ping_status":"closed","template":"","meta":{"_acf_changed":false,"inline_featured_image":false,"_joinchat":[],"footnotes":""},"class_list":["post-870","page","type-page","status-publish","hentry"],"acf":[],"yoast_head":"<!-- This site is optimized with the Yoast SEO plugin v27.5 - https:\/\/yoast.com\/product\/yoast-seo-wordpress\/ -->\n<title>Wohnungen - Residence Spiaggia d&#039;Oro<\/title>\n<meta name=\"robots\" content=\"index, follow, max-snippet:-1, max-image-preview:large, max-video-preview:-1\" \/>\n<link rel=\"canonical\" href=\"https:\/\/residencespiaggiadoro.it\/appartamenti\/\" \/>\n<meta property=\"og:locale\" content=\"de_DE\" \/>\n<meta property=\"og:type\" content=\"article\" \/>\n<meta property=\"og:title\" content=\"Wohnungen - Residence Spiaggia d&#039;Oro\" \/>\n<meta property=\"og:url\" content=\"https:\/\/residencespiaggiadoro.it\/appartamenti\/\" \/>\n<meta property=\"og:site_name\" content=\"Residence Spiaggia d&#039;Oro\" \/>\n<meta property=\"article:modified_time\" content=\"2025-10-22T13:04:28+00:00\" \/>\n<meta name=\"twitter:card\" content=\"summary_large_image\" \/>\n<meta name=\"twitter:label1\" content=\"Gesch\u00e4tzte Lesezeit\" \/>\n\t<meta name=\"twitter:data1\" content=\"2\u00a0Minuten\" \/>\n<script type=\"application\/ld+json\" class=\"yoast-schema-graph\">{\"@context\":\"https:\\\/\\\/schema.org\",\"@graph\":[{\"@type\":\"WebPage\",\"@id\":\"https:\\\/\\\/residencespiaggiadoro.it\\\/appartamenti\\\/\",\"url\":\"https:\\\/\\\/residencespiaggiadoro.it\\\/appartamenti\\\/\",\"name\":\"Wohnungen - Residence Spiaggia d&#039;Oro\",\"isPartOf\":{\"@id\":\"https:\\\/\\\/residencespiaggiadoro.it\\\/#website\"},\"datePublished\":\"2020-05-07T09:06:52+00:00\",\"dateModified\":\"2025-10-22T13:04:28+00:00\",\"breadcrumb\":{\"@id\":\"https:\\\/\\\/residencespiaggiadoro.it\\\/appartamenti\\\/#breadcrumb\"},\"inLanguage\":\"de\",\"potentialAction\":[{\"@type\":\"ReadAction\",\"target\":[\"https:\\\/\\\/residencespiaggiadoro.it\\\/appartamenti\\\/\"]}]},{\"@type\":\"BreadcrumbList\",\"@id\":\"https:\\\/\\\/residencespiaggiadoro.it\\\/appartamenti\\\/#breadcrumb\",\"itemListElement\":[{\"@type\":\"ListItem\",\"position\":1,\"name\":\"Home\",\"item\":\"https:\\\/\\\/residencespiaggiadoro.it\\\/de\\\/\"},{\"@type\":\"ListItem\",\"position\":2,\"name\":\"Wohnungen\"}]},{\"@type\":\"WebSite\",\"@id\":\"https:\\\/\\\/residencespiaggiadoro.it\\\/#website\",\"url\":\"https:\\\/\\\/residencespiaggiadoro.it\\\/\",\"name\":\"Residence Spiaggia d&#039;Oro\",\"description\":\"Residence Spiaggia d&#039;Oro\",\"potentialAction\":[{\"@type\":\"SearchAction\",\"target\":{\"@type\":\"EntryPoint\",\"urlTemplate\":\"https:\\\/\\\/residencespiaggiadoro.it\\\/?s={search_term_string}\"},\"query-input\":{\"@type\":\"PropertyValueSpecification\",\"valueRequired\":true,\"valueName\":\"search_term_string\"}}],\"inLanguage\":\"de\"}]}<\/script>\n<!-- \/ Yoast SEO plugin. -->","yoast_head_json":{"title":"Wohnungen - Residence Spiaggia d&#039;Oro","robots":{"index":"index","follow":"follow","max-snippet":"max-snippet:-1","max-image-preview":"max-image-preview:large","max-video-preview":"max-video-preview:-1"},"canonical":"https:\/\/residencespiaggiadoro.it\/appartamenti\/","og_locale":"de_DE","og_type":"article","og_title":"Wohnungen - Residence Spiaggia d&#039;Oro","og_url":"https:\/\/residencespiaggiadoro.it\/appartamenti\/","og_site_name":"Residence Spiaggia d&#039;Oro","article_modified_time":"2025-10-22T13:04:28+00:00","twitter_card":"summary_large_image","twitter_misc":{"Gesch\u00e4tzte Lesezeit":"2\u00a0Minuten"},"schema":{"@context":"https:\/\/schema.org","@graph":[{"@type":"WebPage","@id":"https:\/\/residencespiaggiadoro.it\/appartamenti\/","url":"https:\/\/residencespiaggiadoro.it\/appartamenti\/","name":"Wohnungen - Residence Spiaggia d&#039;Oro","isPartOf":{"@id":"https:\/\/residencespiaggiadoro.it\/#website"},"datePublished":"2020-05-07T09:06:52+00:00","dateModified":"2025-10-22T13:04:28+00:00","breadcrumb":{"@id":"https:\/\/residencespiaggiadoro.it\/appartamenti\/#breadcrumb"},"inLanguage":"de","potentialAction":[{"@type":"ReadAction","target":["https:\/\/residencespiaggiadoro.it\/appartamenti\/"]}]},{"@type":"BreadcrumbList","@id":"https:\/\/residencespiaggiadoro.it\/appartamenti\/#breadcrumb","itemListElement":[{"@type":"ListItem","position":1,"name":"Home","item":"https:\/\/residencespiaggiadoro.it\/de\/"},{"@type":"ListItem","position":2,"name":"Wohnungen"}]},{"@type":"WebSite","@id":"https:\/\/residencespiaggiadoro.it\/#website","url":"https:\/\/residencespiaggiadoro.it\/","name":"Residence Spiaggia d&#039;Oro","description":"Residence Spiaggia d&#039;Oro","potentialAction":[{"@type":"SearchAction","target":{"@type":"EntryPoint","urlTemplate":"https:\/\/residencespiaggiadoro.it\/?s={search_term_string}"},"query-input":{"@type":"PropertyValueSpecification","valueRequired":true,"valueName":"search_term_string"}}],"inLanguage":"de"}]}},"_links":{"self":[{"href":"https:\/\/residencespiaggiadoro.it\/de\/wp-json\/wp\/v2\/pages\/870","targetHints":{"allow":["GET"]}}],"collection":[{"href":"https:\/\/residencespiaggiadoro.it\/de\/wp-json\/wp\/v2\/pages"}],"about":[{"href":"https:\/\/residencespiaggiadoro.it\/de\/wp-json\/wp\/v2\/types\/page"}],"author":[{"embeddable":true,"href":"https:\/\/residencespiaggiadoro.it\/de\/wp-json\/wp\/v2\/users\/1"}],"replies":[{"embeddable":true,"href":"https:\/\/residencespiaggiadoro.it\/de\/wp-json\/wp\/v2\/comments?post=870"}],"version-history":[{"count":11,"href":"https:\/\/residencespiaggiadoro.it\/de\/wp-json\/wp\/v2\/pages\/870\/revisions"}],"predecessor-version":[{"id":1364,"href":"https:\/\/residencespiaggiadoro.it\/de\/wp-json\/wp\/v2\/pages\/870\/revisions\/1364"}],"wp:attachment":[{"href":"https:\/\/residencespiaggiadoro.it\/de\/wp-json\/wp\/v2\/media?parent=870"}],"curies":[{"name":"wp","href":"https:\/\/api.w.org\/{rel}","templated":true}]}}