{"id":857,"date":"2020-05-07T11:06:59","date_gmt":"2020-05-07T09:06:59","guid":{"rendered":"https:\/\/residencespiaggiadoro.it\/fun\/"},"modified":"2022-03-22T10:26:13","modified_gmt":"2022-03-22T09:26:13","slug":"spass","status":"publish","type":"page","link":"https:\/\/residencespiaggiadoro.it\/de\/spass\/","title":{"rendered":"Spass"},"content":{"rendered":"<section class=\"l-section wpb_row us_custom_d6413e2d height_medium with_img with_shape\"><div class=\"l-section-img\" role=\"img\" aria-label=\"Bild\" data-img-width=\"1920\" data-img-height=\"1280\" style=\"background-image: url(https:\/\/residencespiaggiadoro.it\/wp-content\/uploads\/2020\/05\/03.jpg);\"><\/div><div class=\"l-section-overlay\" style=\"background:rgba(26,26,26,0.30)\"><\/div><div class=\"l-section-shape type_triangle-2 pos_bottom hor_flip\" style=\"height:15vmin;color:#f6f5f3\"><svg xmlns=\"http:\/\/www.w3.org\/2000\/svg\" viewBox=\"0 0 64 8\" preserveAspectRatio=\"none\" width=\"100%\" height=\"100%\">\r\n\t<path fill=\"currentColor\" d=\"M64 8 L0 8 L0 0 L48 7.9 L64 0 Z\"\/>\r\n<\/svg><\/div><div class=\"l-section-h i-cf\"><div class=\"g-cols vc_row via_flex valign_top type_default stacking_default\"><div class=\"vc_col-sm-12 wpb_column vc_column_container us_animate_aft\" style=\"animation-delay:0.5s\"><div class=\"vc_column-inner\"><div class=\"wpb_wrapper\"><div class=\"w-separator size_medium\"><\/div><\/div><\/div><\/div><\/div><\/div><\/section><section class=\"l-section wpb_row height_large\"><div class=\"l-section-h i-cf\"><div class=\"g-cols vc_row via_flex valign_top type_default stacking_default\"><div class=\"vc_col-sm-2 wpb_column vc_column_container\"><div class=\"vc_column-inner\"><div class=\"wpb_wrapper\"><\/div><\/div><\/div><div class=\"vc_col-sm-8 wpb_column vc_column_container us_animate_aft\" style=\"animation-delay:0.5s\"><div class=\"vc_column-inner\"><div class=\"wpb_wrapper\"><div class=\"wpb_text_column\"><div class=\"wpb_wrapper\"><h1 style=\"text-align: center;\">SPASS<\/h1>\n<\/div><\/div><div class=\"w-separator us_custom_2f842fc0 size_custom with_line width_50 thick_5 style_dashed color_primary align_center\" style=\"height:10px\"><div class=\"w-separator-h\"><\/div><\/div><div class=\"wpb_text_column giustifica\"><div class=\"wpb_wrapper\"><p>Tags\u00fcber Strand, Swimmingpool und eine Unendlichkeit von L\u00f6sungen f\u00fcr ein wirklich tollen Urlaub, w\u00e4hrend in der Nacht wartet auf Sie das lebendige Zentrum von Desenzano, mit seinen Gesch\u00e4ften, Lounge Bars, Restaurants, und das Nachtleben mit ber\u00fchmte Lokale, erreichbar entweder in 15 minuten zu Fuss von der Promenade oder in ein paar Minuten mit dem Auto.<\/p>\n<\/div><\/div><\/div><\/div><\/div><div class=\"vc_col-sm-2 wpb_column vc_column_container\"><div class=\"vc_column-inner\"><div class=\"wpb_wrapper\"><\/div><\/div><\/div><\/div><\/div><\/section><!-- Row Backgrounds --><div class=\"upb_color\" data-bg-override=\"0\" data-bg-color=\"#f6f5f3\" data-fadeout=\"\" data-fadeout-percentage=\"30\" data-parallax-content=\"\" data-parallax-content-sense=\"30\" data-row-effect-mobile-disable=\"true\" data-img-parallax-mobile-disable=\"true\" data-rtl=\"false\"  data-custom-vc-row=\"\"  data-vc=\"8.7.2\"  data-is_old_vc=\"\"  data-theme-support=\"\"   data-overlay=\"false\" data-overlay-color=\"\" data-overlay-pattern=\"\" data-overlay-pattern-opacity=\"\" data-overlay-pattern-size=\"\"    ><\/div><section class=\"l-section wpb_row us_custom_b91424ac height_auto\"><div class=\"l-section-h i-cf\"><div class=\"g-cols vc_row via_flex valign_middle type_boxes stacking_default\"><div class=\"vc_col-sm-6 wpb_column vc_column_container has_bg_color stretched\"><div class=\"vc_column-inner us_custom_ea0b70d0\"><div class=\"wpb_wrapper\"><div class=\"w-separator size_custom\" style=\"height:300px\"><\/div><\/div><\/div><\/div><div class=\"vc_col-sm-6 wpb_column vc_column_container has_bg_color us_animate_afr stretched\"><div class=\"vc_column-inner us_custom_f29ff550\"><div class=\"wpb_wrapper\"><div class=\"wpb_text_column giustifica\"><div class=\"wpb_wrapper\"><h3>SIRMIONE \u2013 THERMEN UND SPA AQUARIA<\/h3>\n<p>Spiaggia d\u2019Oro Residence bietet die M\u00f6glichkeit einen angenehmen Aufenthalt in der N\u00e4he der ber\u00fchmten Thermen von Sirmione. Die Zentren Virgilio und Catullo und Aquaria Wellness-Center sind weniger als 8 km entfernt.<\/p>\n<p><strong>Thermalanlagen<\/strong><br \/>\nSirmione Thermen hat eine Vereinbarung mit der italieniscen Krankenversicherung.<\/p>\n<p><strong>Aquaria Wellness-Center<\/strong><br \/>\nSchwimmb\u00e4der, Whirlpools, Duschen aromocromatiche, Brause Betten mit Blick auf den See, Gef\u00e4\u00df-und Fitness-Studio. Wellness-und Beauty-Behandlungen f\u00fcr Sch\u00f6nheit und K\u00f6rper Gesundheit, faszinierend und einzelartig, um den Geist zu entspannen.<\/p>\n<\/div><\/div><\/div><\/div><\/div><\/div><\/div><\/section><!-- Row Backgrounds --><div class=\"upb_color\" data-bg-override=\"0\" data-bg-color=\"#f6f5f3\" data-fadeout=\"\" data-fadeout-percentage=\"30\" data-parallax-content=\"\" data-parallax-content-sense=\"30\" data-row-effect-mobile-disable=\"true\" data-img-parallax-mobile-disable=\"true\" data-rtl=\"false\"  data-custom-vc-row=\"\"  data-vc=\"8.7.2\"  data-is_old_vc=\"\"  data-theme-support=\"\"   data-overlay=\"false\" data-overlay-color=\"\" data-overlay-pattern=\"\" data-overlay-pattern-opacity=\"\" data-overlay-pattern-size=\"\"    ><\/div><section class=\"l-section wpb_row height_auto\"><div class=\"l-section-h i-cf\"><div class=\"g-cols vc_row via_flex valign_middle type_boxes reversed stacking_default\"><div class=\"vc_col-sm-6 wpb_column vc_column_container has_bg_color us_animate_afl stretched\"><div class=\"vc_column-inner us_custom_f29ff550\"><div class=\"wpb_wrapper\"><div class=\"wpb_text_column giustifica\"><div class=\"wpb_wrapper\"><h3>GARDALAND<\/h3>\n<p>Der Vergn\u00fcgungspark Gardaland ist 2 Fahrminuten vom Residence entfernt.<br \/>\nGardaland Park ist die Nr. 1 der\u00a0 Freizeitparke in Italien, einer den gr\u00f6\u00dften und best ausgestatteteten in ganz Europa und seit lengerer Zeit in unserem Land.<br \/>\nDas amerikanische Magazin \u201cForbes\u201d hat Gardaland Park am f\u00fcnften Platz angedeutet unter den besten Vergn\u00fcgungsparks der Welt!<br \/>\nAm s\u00fcd\u00f6stlichen Ufer des Gardasees, ist der Vergn\u00fcgungspark in thematische Bereiche begrenzt, die sorgf\u00e4ltig und detailliert der Rekonstruktion der Geschichte und Geographie, Raum und Fantasie unterteilt.<br \/>\nDie gro\u00dfe Vielfalt an Attraktionen und Shows erf\u00fcllen ein breites Publikum, von der fr\u00fchen Kindheit bis zum Jugendalter sowie Senioren, vom Teenager zur Familie.<\/p>\n<\/div><\/div><\/div><\/div><\/div><div class=\"vc_col-sm-6 wpb_column vc_column_container has_bg_color stretched\"><div class=\"vc_column-inner us_custom_96e29f23\"><div class=\"wpb_wrapper\"><div class=\"w-separator size_custom\" style=\"height:300px\"><\/div><\/div><\/div><\/div><\/div><\/div><\/section><!-- Row Backgrounds --><div class=\"upb_color\" data-bg-override=\"0\" data-bg-color=\"#f6f5f3\" data-fadeout=\"\" data-fadeout-percentage=\"30\" data-parallax-content=\"\" data-parallax-content-sense=\"30\" data-row-effect-mobile-disable=\"true\" data-img-parallax-mobile-disable=\"true\" data-rtl=\"false\"  data-custom-vc-row=\"\"  data-vc=\"8.7.2\"  data-is_old_vc=\"\"  data-theme-support=\"\"   data-overlay=\"false\" data-overlay-color=\"\" data-overlay-pattern=\"\" data-overlay-pattern-opacity=\"\" data-overlay-pattern-size=\"\"    ><\/div><section class=\"l-section wpb_row height_auto\"><div class=\"l-section-h i-cf\"><div class=\"g-cols vc_row via_flex valign_middle type_boxes stacking_default\"><div class=\"vc_col-sm-6 wpb_column vc_column_container has_bg_color stretched\"><div class=\"vc_column-inner us_custom_cfa88afd\"><div class=\"wpb_wrapper\"><div class=\"w-separator size_custom\" style=\"height:300px\"><\/div><\/div><\/div><\/div><div class=\"vc_col-sm-6 wpb_column vc_column_container has_bg_color us_animate_afr stretched\"><div class=\"vc_column-inner us_custom_f29ff550\"><div class=\"wpb_wrapper\"><div class=\"wpb_text_column giustifica\"><div class=\"wpb_wrapper\"><h3>CANEVA WORLD<\/h3>\n<p>Caneva World in Lazise, ca. 20 km vom Spiaggia d\u2019Oro Residence entfernt. Ein einzigartiger Wasserpark mit Attraktionen f\u00fcr die ganze Familie.<\/p>\n<p><strong>Movieland Studios:<\/strong><br \/>\nEin sehr spannend Vergn\u00fcgungspark der Filme als Hauptthema hat. Thrills, reiche Shows mit spannende Choreographien, spektakul\u00e4re Spezialeffekte und Explosionen.<\/p>\n<p><strong>Movieland Aquastudios:<\/strong><br \/>\nVon den ruhigen wei\u00dfen Sandstr\u00e4nde bis zu atemberaubenden Rutschen und Unterhaltungs Momente \u00a0\u2026 dort einfach alles!<\/p>\n<p><strong>Medieval Times:<\/strong><br \/>\nEin dinner show, mit einen mittelalterlichen Kampf und einem reichhaltigen Abendessen warend Sie ihren Lieblings-Ritter ermutigen k\u00f6nnen.<\/p>\n<p><strong>Rock Star Restaurant:<\/strong><br \/>\nRestaurant im amerikanischen Stil der Rockmusik gewidmet. Mit dem \u201cAll you can eat\u201d, k\u00f6nnen Sie alles essen was Sie wollen und nur einen Festpreis zahlen\u2026 und es gibt eine gro\u00dfe Auswahl an Speisen!<\/p>\n<\/div><\/div><\/div><\/div><\/div><\/div><\/div><\/section><!-- Row Backgrounds --><div class=\"upb_color\" data-bg-override=\"0\" data-bg-color=\"#f6f5f3\" data-fadeout=\"\" data-fadeout-percentage=\"30\" data-parallax-content=\"\" data-parallax-content-sense=\"30\" data-row-effect-mobile-disable=\"true\" data-img-parallax-mobile-disable=\"true\" data-rtl=\"false\"  data-custom-vc-row=\"\"  data-vc=\"8.7.2\"  data-is_old_vc=\"\"  data-theme-support=\"\"   data-overlay=\"false\" data-overlay-color=\"\" data-overlay-pattern=\"\" data-overlay-pattern-opacity=\"\" data-overlay-pattern-size=\"\"    ><\/div><section class=\"l-section wpb_row height_auto\"><div class=\"l-section-h i-cf\"><div class=\"g-cols vc_row via_flex valign_middle type_boxes reversed stacking_default\"><div class=\"vc_col-sm-6 wpb_column vc_column_container has_bg_color us_animate_afl stretched\"><div class=\"vc_column-inner us_custom_f29ff550\"><div class=\"wpb_wrapper\"><div class=\"wpb_text_column giustifica\"><div class=\"wpb_wrapper\"><h3>PARCO NATURA VIVA<\/h3>\n<p>Der Park liegt in Pastrengo, Teil der Garda Parks und ist\u00a0 25 km von Spiaggia d\u2019Oro Residence entfernt.<\/p>\n<p><strong>Wildlife Park<\/strong><br \/>\nIm Tierpark befinden sich L\u00f6wen, Giraffen, Nilpferde, Nash\u00f6rner und viele seltene Exemplare. Entdecken Sie das Vergn\u00fcgen von einem Spaziergang unter den Eichen und auf dem Weg viele wild lebende Tierarten begegnen, die hier ihren idealen Lebensraum haben.<\/p>\n<p><strong>Zoo Safari Park<\/strong><br \/>\nEin Auto Safari in totaler Sicherheit. Der Safaripark Natura Viva ist eine einzigartige Gelegenheit, um die Tiere der afrikanischen Savanne genau zu kennen und beobachten.<\/p>\n<p><strong>Extinction Park \u2013 Der Park der Ausgestorbene<\/strong><br \/>\nBewundern Sie von Nahe die Tiere von der Vergangenheit. Erleben Sie den zeitlosen Charme der Vergangenheit durch lebensgro\u00dfen Modellen und\u00a0 wissenschaftliche Rekonstruktionen vom t\u00e4glichen.<\/p>\n<\/div><\/div><\/div><\/div><\/div><div class=\"vc_col-sm-6 wpb_column vc_column_container has_bg_color stretched\"><div class=\"vc_column-inner us_custom_9d6584b2\"><div class=\"wpb_wrapper\"><div class=\"w-separator size_custom\" style=\"height:300px\"><\/div><\/div><\/div><\/div><\/div><\/div><\/section><!-- Row Backgrounds --><div class=\"upb_color\" data-bg-override=\"0\" data-bg-color=\"#f6f5f3\" data-fadeout=\"\" data-fadeout-percentage=\"30\" data-parallax-content=\"\" data-parallax-content-sense=\"30\" data-row-effect-mobile-disable=\"true\" data-img-parallax-mobile-disable=\"true\" data-rtl=\"false\"  data-custom-vc-row=\"\"  data-vc=\"8.7.2\"  data-is_old_vc=\"\"  data-theme-support=\"\"   data-overlay=\"false\" data-overlay-color=\"\" data-overlay-pattern=\"\" data-overlay-pattern-opacity=\"\" data-overlay-pattern-size=\"\"    ><\/div><section class=\"l-section wpb_row height_auto\"><div class=\"l-section-h i-cf\"><div class=\"g-cols vc_row via_flex valign_middle type_boxes stacking_default\"><div class=\"vc_col-sm-6 wpb_column vc_column_container has_bg_color stretched\"><div class=\"vc_column-inner us_custom_59bb80b5\"><div class=\"wpb_wrapper\"><div class=\"w-separator size_custom\" style=\"height:300px\"><\/div><\/div><\/div><\/div><div class=\"vc_col-sm-6 wpb_column vc_column_container has_bg_color us_animate_afr stretched\"><div class=\"vc_column-inner us_custom_f29ff550\"><div class=\"wpb_wrapper\"><div class=\"wpb_text_column giustifica\"><div class=\"wpb_wrapper\"><h3>RESIDENCE SPIAGGIA D\u2019ORO &amp; SOUTH GARDA KARTING<\/h3>\n<p>Spiaggia d\u2019Oro Residence ist f\u00fcr Karters Freunde eine der beliebtesten Unterk\u00fcnfte f\u00fcr kurze und sehr kurzfristige Aufenthalte . Wir bieten vorteilhafte off-list Angebote und ungezwungene Mindestaufenthalt Reservierungen (Sie k\u00f6nnen auch f\u00fcr einen einzigen Tag buchen).<br \/>\nDie Rennstrecke, die 10 km vom Residence entfernt liegt, ist in 15 Fahrminuten erreichbar.<\/p>\n<p><strong>Rennstrecke South Garda Karting<\/strong><br \/>\nMehr als 1000 Meter lang, mit Trib\u00fcnen, Pl\u00e4tze bis zu 2000 Personen, ist eine der wichtigsten internationalen Kart-Bahnen. South Garda Karting hostet die offiziellen Rennen, Die auf dem Kalender vorgesehen sind und bietet die M\u00f6glichkeit f\u00fcr Anf\u00e4nger-Piloten sich an das Kart zu n\u00e4hern.<br \/>\nEs ist m\u00f6glich entweder mit den eigenen Fahrzeug oder mit einen gemieteten Kart zu rennen;<br \/>\nf\u00fcr Erwachsene und Kinder giebt es Zweisitzer Karts. Die Rennstrecke wird auch f\u00fcr Amateur-Rennen mit Timing-Dienst, Rennleitung, medizinischer Service, Catering und Bewirtung ge\u00f6ffnet.<\/p>\n<\/div><\/div><\/div><\/div><\/div><\/div><\/div><\/section><!-- Row Backgrounds --><div class=\"upb_color\" data-bg-override=\"0\" data-bg-color=\"#f6f5f3\" data-fadeout=\"\" data-fadeout-percentage=\"30\" data-parallax-content=\"\" data-parallax-content-sense=\"30\" data-row-effect-mobile-disable=\"true\" data-img-parallax-mobile-disable=\"true\" data-rtl=\"false\"  data-custom-vc-row=\"\"  data-vc=\"8.7.2\"  data-is_old_vc=\"\"  data-theme-support=\"\"   data-overlay=\"false\" data-overlay-color=\"\" data-overlay-pattern=\"\" data-overlay-pattern-opacity=\"\" data-overlay-pattern-size=\"\"    ><\/div>\n","protected":false},"excerpt":{"rendered":"SPASS Tags\u00fcber Strand, Swimmingpool und eine Unendlichkeit von L\u00f6sungen f\u00fcr ein wirklich tollen Urlaub, w\u00e4hrend in der Nacht wartet auf Sie das lebendige Zentrum von Desenzano, mit seinen Gesch\u00e4ften, Lounge Bars, Restaurants, und das Nachtleben mit ber\u00fchmte Lokale, erreichbar entweder in 15 minuten zu Fuss von der Promenade oder in ein paar Minuten mit dem...","protected":false},"author":1,"featured_media":0,"parent":0,"menu_order":0,"comment_status":"closed","ping_status":"closed","template":"","meta":{"_acf_changed":false,"inline_featured_image":false,"_joinchat":[],"footnotes":""},"class_list":["post-857","page","type-page","status-publish","hentry"],"acf":[],"yoast_head":"<!-- This site is optimized with the Yoast SEO plugin v27.5 - https:\/\/yoast.com\/product\/yoast-seo-wordpress\/ -->\n<title>Spass - Residence Spiaggia d&#039;Oro<\/title>\n<meta name=\"robots\" content=\"index, follow, max-snippet:-1, max-image-preview:large, max-video-preview:-1\" \/>\n<link rel=\"canonical\" href=\"https:\/\/residencespiaggiadoro.it\/de\/spass\/\" \/>\n<meta property=\"og:locale\" content=\"de_DE\" \/>\n<meta property=\"og:type\" content=\"article\" \/>\n<meta property=\"og:title\" content=\"Spass - Residence Spiaggia d&#039;Oro\" \/>\n<meta property=\"og:url\" content=\"https:\/\/residencespiaggiadoro.it\/de\/spass\/\" \/>\n<meta property=\"og:site_name\" content=\"Residence Spiaggia d&#039;Oro\" \/>\n<meta property=\"article:modified_time\" content=\"2022-03-22T09:26:13+00:00\" \/>\n<meta name=\"twitter:card\" content=\"summary_large_image\" \/>\n<meta name=\"twitter:label1\" content=\"Gesch\u00e4tzte Lesezeit\" \/>\n\t<meta name=\"twitter:data1\" content=\"6\u00a0Minuten\" \/>\n<script type=\"application\/ld+json\" class=\"yoast-schema-graph\">{\"@context\":\"https:\\\/\\\/schema.org\",\"@graph\":[{\"@type\":\"WebPage\",\"@id\":\"https:\\\/\\\/residencespiaggiadoro.it\\\/de\\\/spass\\\/\",\"url\":\"https:\\\/\\\/residencespiaggiadoro.it\\\/de\\\/spass\\\/\",\"name\":\"Spass - Residence Spiaggia d&#039;Oro\",\"isPartOf\":{\"@id\":\"https:\\\/\\\/residencespiaggiadoro.it\\\/#website\"},\"datePublished\":\"2020-05-07T09:06:59+00:00\",\"dateModified\":\"2022-03-22T09:26:13+00:00\",\"breadcrumb\":{\"@id\":\"https:\\\/\\\/residencespiaggiadoro.it\\\/de\\\/spass\\\/#breadcrumb\"},\"inLanguage\":\"de\",\"potentialAction\":[{\"@type\":\"ReadAction\",\"target\":[\"https:\\\/\\\/residencespiaggiadoro.it\\\/de\\\/spass\\\/\"]}]},{\"@type\":\"BreadcrumbList\",\"@id\":\"https:\\\/\\\/residencespiaggiadoro.it\\\/de\\\/spass\\\/#breadcrumb\",\"itemListElement\":[{\"@type\":\"ListItem\",\"position\":1,\"name\":\"Home\",\"item\":\"https:\\\/\\\/residencespiaggiadoro.it\\\/de\\\/\"},{\"@type\":\"ListItem\",\"position\":2,\"name\":\"Spass\"}]},{\"@type\":\"WebSite\",\"@id\":\"https:\\\/\\\/residencespiaggiadoro.it\\\/#website\",\"url\":\"https:\\\/\\\/residencespiaggiadoro.it\\\/\",\"name\":\"Residence Spiaggia d&#039;Oro\",\"description\":\"Residence Spiaggia d&#039;Oro\",\"potentialAction\":[{\"@type\":\"SearchAction\",\"target\":{\"@type\":\"EntryPoint\",\"urlTemplate\":\"https:\\\/\\\/residencespiaggiadoro.it\\\/?s={search_term_string}\"},\"query-input\":{\"@type\":\"PropertyValueSpecification\",\"valueRequired\":true,\"valueName\":\"search_term_string\"}}],\"inLanguage\":\"de\"}]}<\/script>\n<!-- \/ Yoast SEO plugin. -->","yoast_head_json":{"title":"Spass - Residence Spiaggia d&#039;Oro","robots":{"index":"index","follow":"follow","max-snippet":"max-snippet:-1","max-image-preview":"max-image-preview:large","max-video-preview":"max-video-preview:-1"},"canonical":"https:\/\/residencespiaggiadoro.it\/de\/spass\/","og_locale":"de_DE","og_type":"article","og_title":"Spass - Residence Spiaggia d&#039;Oro","og_url":"https:\/\/residencespiaggiadoro.it\/de\/spass\/","og_site_name":"Residence Spiaggia d&#039;Oro","article_modified_time":"2022-03-22T09:26:13+00:00","twitter_card":"summary_large_image","twitter_misc":{"Gesch\u00e4tzte Lesezeit":"6\u00a0Minuten"},"schema":{"@context":"https:\/\/schema.org","@graph":[{"@type":"WebPage","@id":"https:\/\/residencespiaggiadoro.it\/de\/spass\/","url":"https:\/\/residencespiaggiadoro.it\/de\/spass\/","name":"Spass - Residence Spiaggia d&#039;Oro","isPartOf":{"@id":"https:\/\/residencespiaggiadoro.it\/#website"},"datePublished":"2020-05-07T09:06:59+00:00","dateModified":"2022-03-22T09:26:13+00:00","breadcrumb":{"@id":"https:\/\/residencespiaggiadoro.it\/de\/spass\/#breadcrumb"},"inLanguage":"de","potentialAction":[{"@type":"ReadAction","target":["https:\/\/residencespiaggiadoro.it\/de\/spass\/"]}]},{"@type":"BreadcrumbList","@id":"https:\/\/residencespiaggiadoro.it\/de\/spass\/#breadcrumb","itemListElement":[{"@type":"ListItem","position":1,"name":"Home","item":"https:\/\/residencespiaggiadoro.it\/de\/"},{"@type":"ListItem","position":2,"name":"Spass"}]},{"@type":"WebSite","@id":"https:\/\/residencespiaggiadoro.it\/#website","url":"https:\/\/residencespiaggiadoro.it\/","name":"Residence Spiaggia d&#039;Oro","description":"Residence Spiaggia d&#039;Oro","potentialAction":[{"@type":"SearchAction","target":{"@type":"EntryPoint","urlTemplate":"https:\/\/residencespiaggiadoro.it\/?s={search_term_string}"},"query-input":{"@type":"PropertyValueSpecification","valueRequired":true,"valueName":"search_term_string"}}],"inLanguage":"de"}]}},"_links":{"self":[{"href":"https:\/\/residencespiaggiadoro.it\/de\/wp-json\/wp\/v2\/pages\/857","targetHints":{"allow":["GET"]}}],"collection":[{"href":"https:\/\/residencespiaggiadoro.it\/de\/wp-json\/wp\/v2\/pages"}],"about":[{"href":"https:\/\/residencespiaggiadoro.it\/de\/wp-json\/wp\/v2\/types\/page"}],"author":[{"embeddable":true,"href":"https:\/\/residencespiaggiadoro.it\/de\/wp-json\/wp\/v2\/users\/1"}],"replies":[{"embeddable":true,"href":"https:\/\/residencespiaggiadoro.it\/de\/wp-json\/wp\/v2\/comments?post=857"}],"version-history":[{"count":3,"href":"https:\/\/residencespiaggiadoro.it\/de\/wp-json\/wp\/v2\/pages\/857\/revisions"}],"predecessor-version":[{"id":1174,"href":"https:\/\/residencespiaggiadoro.it\/de\/wp-json\/wp\/v2\/pages\/857\/revisions\/1174"}],"wp:attachment":[{"href":"https:\/\/residencespiaggiadoro.it\/de\/wp-json\/wp\/v2\/media?parent=857"}],"curies":[{"name":"wp","href":"https:\/\/api.w.org\/{rel}","templated":true}]}}