{"id":811,"date":"2020-06-05T14:32:12","date_gmt":"2020-06-05T12:32:12","guid":{"rendered":"https:\/\/residencespiaggiadoro.it\/?page_id=811"},"modified":"2026-04-01T09:26:48","modified_gmt":"2026-04-01T07:26:48","slug":"wichtige-infos","status":"publish","type":"page","link":"https:\/\/residencespiaggiadoro.it\/de\/wichtige-infos\/","title":{"rendered":"Wichtige Infos"},"content":{"rendered":"<section class=\"l-section wpb_row us_custom_ec9218fc height_medium color_primary with_shape\"><div class=\"l-section-shape type_triangle pos_bottom\" style=\"height:10vh;color:#f6f5f3\"><svg xmlns=\"http:\/\/www.w3.org\/2000\/svg\" viewBox=\"0 0 64 8\" preserveAspectRatio=\"none\" width=\"100%\" height=\"100%\">\r\n\t<path fill=\"currentColor\" d=\"M64 8 L0 8 L0 0 L32 7.9 L64 0 Z\"\/>\r\n<\/svg><\/div><div class=\"l-section-h i-cf\"><div class=\"g-cols vc_row via_flex valign_top type_default stacking_default\"><div class=\"vc_col-sm-12 wpb_column vc_column_container\"><div class=\"vc_column-inner\"><div class=\"wpb_wrapper\"><div class=\"wpb_text_column\"><div class=\"wpb_wrapper\"><h1 style=\"text-align: center;\">Wichtige Informationen<\/h1>\n<\/div><\/div><\/div><\/div><\/div><\/div><\/div><\/section><!-- Row Backgrounds --><div class=\"upb_color\" data-bg-override=\"0\" data-bg-color=\"rgba(0,0,0,0.71)\" data-fadeout=\"\" data-fadeout-percentage=\"30\" data-parallax-content=\"\" data-parallax-content-sense=\"30\" data-row-effect-mobile-disable=\"true\" data-img-parallax-mobile-disable=\"true\" data-rtl=\"false\"  data-custom-vc-row=\"\"  data-vc=\"8.7.2\"  data-is_old_vc=\"\"  data-theme-support=\"\"   data-overlay=\"false\" data-overlay-color=\"\" data-overlay-pattern=\"\" data-overlay-pattern-opacity=\"\" data-overlay-pattern-size=\"\"    ><\/div><section class=\"l-section wpb_row height_medium\"><div class=\"l-section-h i-cf\"><div class=\"g-cols vc_row via_flex valign_top type_default stacking_default\"><div class=\"vc_col-sm-6 wpb_column vc_column_container\"><div class=\"vc_column-inner\"><div class=\"wpb_wrapper\"><div class=\"wpb_text_column\"><div class=\"wpb_wrapper\"><h3>Im Preis inbegriffene Leistungen<\/h3>\n<\/p>\n<ul>\n<li>Kostenloser Zugang zur \u201eSpiaggia d\u2019Oro\u201c<\/li>\n<li>Reinigungsservice mit Wechsel von Bettw\u00e4sche und Handt\u00fcchern alle 3 Tage<\/li>\n<li>Endreinigung<\/li>\n<li>Garage<\/li>\n<li>Fahrradverleih<\/li>\n<li>WLAN-Internetverbindung<\/li>\n<li>Garten mit Grillm\u00f6glichkeit<\/li>\n<li>Heizung, Klimaanlage, Strom, Wasser und Gas<\/li>\n<\/ul>\n<\/div><\/div><\/div><\/div><\/div><div class=\"vc_col-sm-6 wpb_column vc_column_container\"><div class=\"vc_column-inner\"><div class=\"wpb_wrapper\"><div class=\"wpb_text_column\"><div class=\"wpb_wrapper\"><h3>Sonderkonditionen f\u00fcr Direktbuchungen<\/h3>\n<p>\u2192 Hier sparen Sie immer 10 % im Vergleich zu allen Buchungsportalen, auf denen unsere Zimmer angeboten werden (Booking.com, Expedia usw.)<\/p>\n<p>\u2192 Die Garage ist kostenlos (Ersparnis: 7 \u20ac pro Tag)<\/p>\n<p>\u2192 In bestimmten Zeitr\u00e4umen ist eine Buchung mit kostenloser Stornierung ausschlie\u00dflich \u00fcber unsere Website m\u00f6glich<\/p>\n<\/div><\/div><\/div><\/div><\/div><\/div><\/div><\/section><!-- Row Backgrounds --><div class=\"upb_color\" data-bg-override=\"0\" data-bg-color=\"#f6f5f3\" data-fadeout=\"\" data-fadeout-percentage=\"30\" data-parallax-content=\"\" data-parallax-content-sense=\"30\" data-row-effect-mobile-disable=\"true\" data-img-parallax-mobile-disable=\"true\" data-rtl=\"false\"  data-custom-vc-row=\"\"  data-vc=\"8.7.2\"  data-is_old_vc=\"\"  data-theme-support=\"\"   data-overlay=\"false\" data-overlay-color=\"\" data-overlay-pattern=\"\" data-overlay-pattern-opacity=\"\" data-overlay-pattern-size=\"\"    ><\/div><section class=\"l-section wpb_row height_medium\"><div class=\"l-section-h i-cf\"><div class=\"g-cols vc_row via_flex valign_top type_default stacking_default\"><div class=\"vc_col-sm-12 wpb_column vc_column_container\"><div class=\"vc_column-inner\"><div class=\"wpb_wrapper\"><div class=\"w-image us_custom_8d5aa4e2 i100 align_center\"><div class=\"w-image-h\"><img decoding=\"async\" width=\"87\" height=\"63\" src=\"https:\/\/residencespiaggiadoro.it\/wp-content\/uploads\/2020\/05\/icona.svg\" class=\"attachment-full size-full\" alt=\"\" loading=\"lazy\" \/><\/div><\/div><div class=\"wpb_text_column\"><div class=\"wpb_wrapper\"><h2 style=\"text-align: center;\">Alles, was Sie wissen m\u00fcssen<br \/>\nVor der Buchung<\/h2>\n<\/div><\/div><div class=\"w-separator size_small with_line width_30 thick_5 style_dashed color_primary align_center\"><div class=\"w-separator-h\"><\/div><\/div><div class=\"g-cols wpb_row us_custom_72fc42ef via_flex valign_middle type_default stacking_default\"><div class=\"vc_col-sm-4 wpb_column vc_column_container\"><div class=\"vc_column-inner\"><div class=\"wpb_wrapper\"><div class=\"wpb_text_column\"><div class=\"wpb_wrapper\"><h3><strong data-start=\"2098\" data-end=\"2119\">Wann bezahle ich?<\/strong><\/h3>\n<\/div><\/div><\/div><\/div><\/div><div class=\"vc_col-sm-8 wpb_column vc_column_container\"><div class=\"vc_column-inner\"><div class=\"wpb_wrapper\"><div class=\"wpb_text_column\"><div class=\"wpb_wrapper\"><p data-start=\"2098\" data-end=\"2318\">In unserem Buchungssystem k\u00f6nnen Sie zwischen einem Tarif mit kostenloser Stornierung und Zahlung vor Ort oder einem g\u00fcnstigeren Vorauszahlungstarif mit Zahlung zum Zeitpunkt der Buchung w\u00e4hlen.<\/p>\n<\/div><\/div><\/div><\/div><\/div><\/div><div class=\"w-separator size_small with_line width_default thick_1 style_solid color_primary align_center\"><div class=\"w-separator-h\"><\/div><\/div><div class=\"g-cols wpb_row via_flex valign_middle type_default stacking_default\"><div class=\"vc_col-sm-4 wpb_column vc_column_container\"><div class=\"vc_column-inner\"><div class=\"wpb_wrapper\"><div class=\"wpb_text_column\"><div class=\"wpb_wrapper\"><h3><strong data-start=\"2320\" data-end=\"2339\">An- und Abreise<\/strong><\/h3>\n<\/div><\/div><\/div><\/div><\/div><div class=\"vc_col-sm-8 wpb_column vc_column_container\"><div class=\"vc_column-inner\"><div class=\"wpb_wrapper\"><div class=\"wpb_text_column\"><div class=\"wpb_wrapper\"><p data-start=\"2320\" data-end=\"2440\">Check-in ab 15:00 Uhr und Check-out bis 10:30 Uhr. Die Schl\u00fcssel\u00fcbergabe erfolgt direkt vor Ort.<\/p>\n<\/div><\/div><\/div><\/div><\/div><\/div><div class=\"w-separator size_small with_line width_default thick_1 style_solid color_primary align_center\"><div class=\"w-separator-h\"><\/div><\/div><div class=\"g-cols wpb_row via_flex valign_middle type_default stacking_default\"><div class=\"vc_col-sm-4 wpb_column vc_column_container\"><div class=\"vc_column-inner\"><div class=\"wpb_wrapper\"><div class=\"wpb_text_column\"><div class=\"wpb_wrapper\"><h3>Kurtaxe<\/h3>\n<\/div><\/div><\/div><\/div><\/div><div class=\"vc_col-sm-8 wpb_column vc_column_container\"><div class=\"vc_column-inner\"><div class=\"wpb_wrapper\"><div class=\"wpb_text_column\"><div class=\"wpb_wrapper\"><p data-start=\"2442\" data-end=\"2594\">2,00 \u20ac pro Person und Tag. Kinder bis 14 Jahre, Menschen mit Behinderung, Begleitpersonen, Busfahrer und Reiseleiter sind davon befreit.<\/p>\n<\/div><\/div><\/div><\/div><\/div><\/div><div class=\"w-separator size_small with_line width_default thick_1 style_solid color_primary align_center\"><div class=\"w-separator-h\"><\/div><\/div><\/div><\/div><\/div><\/div><\/div><\/section>\n","protected":false},"excerpt":{"rendered":"Wichtige Informationen Im Preis inbegriffene Leistungen Kostenloser Zugang zur \u201eSpiaggia d\u2019Oro\u201c Reinigungsservice mit Wechsel von Bettw\u00e4sche und Handt\u00fcchern alle 3 Tage Endreinigung Garage Fahrradverleih WLAN-Internetverbindung Garten mit Grillm\u00f6glichkeit Heizung, Klimaanlage, Strom, Wasser und Gas Sonderkonditionen f\u00fcr Direktbuchungen \u2192 Hier sparen Sie immer 10 % im Vergleich zu allen Buchungsportalen, auf denen unsere Zimmer angeboten werden...","protected":false},"author":1,"featured_media":0,"parent":0,"menu_order":0,"comment_status":"closed","ping_status":"closed","template":"","meta":{"_acf_changed":false,"inline_featured_image":false,"_joinchat":[],"footnotes":""},"class_list":["post-811","page","type-page","status-publish","hentry"],"acf":[],"yoast_head":"<!-- This site is optimized with the Yoast SEO plugin v27.5 - https:\/\/yoast.com\/product\/yoast-seo-wordpress\/ -->\n<title>Wichtige Infos - Residence Spiaggia d&#039;Oro<\/title>\n<meta name=\"robots\" content=\"index, follow, max-snippet:-1, max-image-preview:large, max-video-preview:-1\" \/>\n<link rel=\"canonical\" href=\"https:\/\/residencespiaggiadoro.it\/informazioni-importanti\/\" \/>\n<meta property=\"og:locale\" content=\"de_DE\" \/>\n<meta property=\"og:type\" content=\"article\" \/>\n<meta property=\"og:title\" content=\"Wichtige Infos - Residence Spiaggia d&#039;Oro\" \/>\n<meta property=\"og:url\" content=\"https:\/\/residencespiaggiadoro.it\/informazioni-importanti\/\" \/>\n<meta property=\"og:site_name\" content=\"Residence Spiaggia d&#039;Oro\" \/>\n<meta property=\"article:modified_time\" content=\"2026-04-01T07:26:48+00:00\" \/>\n<meta name=\"twitter:card\" content=\"summary_large_image\" \/>\n<meta name=\"twitter:label1\" content=\"Gesch\u00e4tzte Lesezeit\" \/>\n\t<meta name=\"twitter:data1\" content=\"2\u00a0Minuten\" \/>\n<script type=\"application\/ld+json\" class=\"yoast-schema-graph\">{\"@context\":\"https:\\\/\\\/schema.org\",\"@graph\":[{\"@type\":\"WebPage\",\"@id\":\"https:\\\/\\\/residencespiaggiadoro.it\\\/informazioni-importanti\\\/\",\"url\":\"https:\\\/\\\/residencespiaggiadoro.it\\\/informazioni-importanti\\\/\",\"name\":\"Wichtige Infos - Residence Spiaggia d&#039;Oro\",\"isPartOf\":{\"@id\":\"https:\\\/\\\/residencespiaggiadoro.it\\\/#website\"},\"datePublished\":\"2020-06-05T12:32:12+00:00\",\"dateModified\":\"2026-04-01T07:26:48+00:00\",\"breadcrumb\":{\"@id\":\"https:\\\/\\\/residencespiaggiadoro.it\\\/informazioni-importanti\\\/#breadcrumb\"},\"inLanguage\":\"de\",\"potentialAction\":[{\"@type\":\"ReadAction\",\"target\":[\"https:\\\/\\\/residencespiaggiadoro.it\\\/informazioni-importanti\\\/\"]}]},{\"@type\":\"BreadcrumbList\",\"@id\":\"https:\\\/\\\/residencespiaggiadoro.it\\\/informazioni-importanti\\\/#breadcrumb\",\"itemListElement\":[{\"@type\":\"ListItem\",\"position\":1,\"name\":\"Home\",\"item\":\"https:\\\/\\\/residencespiaggiadoro.it\\\/de\\\/\"},{\"@type\":\"ListItem\",\"position\":2,\"name\":\"Wichtige Infos\"}]},{\"@type\":\"WebSite\",\"@id\":\"https:\\\/\\\/residencespiaggiadoro.it\\\/#website\",\"url\":\"https:\\\/\\\/residencespiaggiadoro.it\\\/\",\"name\":\"Residence Spiaggia d&#039;Oro\",\"description\":\"Residence Spiaggia d&#039;Oro\",\"potentialAction\":[{\"@type\":\"SearchAction\",\"target\":{\"@type\":\"EntryPoint\",\"urlTemplate\":\"https:\\\/\\\/residencespiaggiadoro.it\\\/?s={search_term_string}\"},\"query-input\":{\"@type\":\"PropertyValueSpecification\",\"valueRequired\":true,\"valueName\":\"search_term_string\"}}],\"inLanguage\":\"de\"}]}<\/script>\n<!-- \/ Yoast SEO plugin. -->","yoast_head_json":{"title":"Wichtige Infos - Residence Spiaggia d&#039;Oro","robots":{"index":"index","follow":"follow","max-snippet":"max-snippet:-1","max-image-preview":"max-image-preview:large","max-video-preview":"max-video-preview:-1"},"canonical":"https:\/\/residencespiaggiadoro.it\/informazioni-importanti\/","og_locale":"de_DE","og_type":"article","og_title":"Wichtige Infos - Residence Spiaggia d&#039;Oro","og_url":"https:\/\/residencespiaggiadoro.it\/informazioni-importanti\/","og_site_name":"Residence Spiaggia d&#039;Oro","article_modified_time":"2026-04-01T07:26:48+00:00","twitter_card":"summary_large_image","twitter_misc":{"Gesch\u00e4tzte Lesezeit":"2\u00a0Minuten"},"schema":{"@context":"https:\/\/schema.org","@graph":[{"@type":"WebPage","@id":"https:\/\/residencespiaggiadoro.it\/informazioni-importanti\/","url":"https:\/\/residencespiaggiadoro.it\/informazioni-importanti\/","name":"Wichtige Infos - Residence Spiaggia d&#039;Oro","isPartOf":{"@id":"https:\/\/residencespiaggiadoro.it\/#website"},"datePublished":"2020-06-05T12:32:12+00:00","dateModified":"2026-04-01T07:26:48+00:00","breadcrumb":{"@id":"https:\/\/residencespiaggiadoro.it\/informazioni-importanti\/#breadcrumb"},"inLanguage":"de","potentialAction":[{"@type":"ReadAction","target":["https:\/\/residencespiaggiadoro.it\/informazioni-importanti\/"]}]},{"@type":"BreadcrumbList","@id":"https:\/\/residencespiaggiadoro.it\/informazioni-importanti\/#breadcrumb","itemListElement":[{"@type":"ListItem","position":1,"name":"Home","item":"https:\/\/residencespiaggiadoro.it\/de\/"},{"@type":"ListItem","position":2,"name":"Wichtige Infos"}]},{"@type":"WebSite","@id":"https:\/\/residencespiaggiadoro.it\/#website","url":"https:\/\/residencespiaggiadoro.it\/","name":"Residence Spiaggia d&#039;Oro","description":"Residence Spiaggia d&#039;Oro","potentialAction":[{"@type":"SearchAction","target":{"@type":"EntryPoint","urlTemplate":"https:\/\/residencespiaggiadoro.it\/?s={search_term_string}"},"query-input":{"@type":"PropertyValueSpecification","valueRequired":true,"valueName":"search_term_string"}}],"inLanguage":"de"}]}},"_links":{"self":[{"href":"https:\/\/residencespiaggiadoro.it\/de\/wp-json\/wp\/v2\/pages\/811","targetHints":{"allow":["GET"]}}],"collection":[{"href":"https:\/\/residencespiaggiadoro.it\/de\/wp-json\/wp\/v2\/pages"}],"about":[{"href":"https:\/\/residencespiaggiadoro.it\/de\/wp-json\/wp\/v2\/types\/page"}],"author":[{"embeddable":true,"href":"https:\/\/residencespiaggiadoro.it\/de\/wp-json\/wp\/v2\/users\/1"}],"replies":[{"embeddable":true,"href":"https:\/\/residencespiaggiadoro.it\/de\/wp-json\/wp\/v2\/comments?post=811"}],"version-history":[{"count":7,"href":"https:\/\/residencespiaggiadoro.it\/de\/wp-json\/wp\/v2\/pages\/811\/revisions"}],"predecessor-version":[{"id":1388,"href":"https:\/\/residencespiaggiadoro.it\/de\/wp-json\/wp\/v2\/pages\/811\/revisions\/1388"}],"wp:attachment":[{"href":"https:\/\/residencespiaggiadoro.it\/de\/wp-json\/wp\/v2\/media?parent=811"}],"curies":[{"name":"wp","href":"https:\/\/api.w.org\/{rel}","templated":true}]}}